{"id":56,"date":"2016-09-27T15:23:38","date_gmt":"2016-09-27T15:23:38","guid":{"rendered":"https:\/\/faculty.cnr.ncsu.edu\/jasonbocarro\/?page_id=56"},"modified":"2023-11-07T16:43:08","modified_gmt":"2023-11-07T16:43:08","slug":"research","status":"publish","type":"page","link":"https:\/\/faculty.cnr.ncsu.edu\/jasonbocarro\/research\/","title":{"rendered":"Research"},"content":{"rendered":"\n\n\n\n\n<h2 class=\"wp-block-heading\">Funded Contracts &amp; Grants<\/h2>\n\n\n\n<figure class=\"wp-block-image alignright size-full\"><img loading=\"lazy\" decoding=\"async\" width=\"120\" height=\"120\" src=\"https:\/\/faculty.cnr.ncsu.edu\/jasonbocarro\/wp-content\/uploads\/sites\/16\/2016\/09\/research.jpg\" alt=\"research - Jason Bocarro - College of Natural Resources at NC State University\" class=\"wp-image-65\"\/><\/figure>\n\n\n\n<p>The following is a list of funded Grants and Contracts that have supported some of my research projects:<\/p>\n\n\n\n<ul class=\"wp-block-list\">\n<li>Title: EventRights: Addressing inequality, enhancing diversity and facilitating greater dialogue in the hosting of sporting mega events. (2019-22 \u2013 European Commission).<br>Amount: \u20ac791,000 (Lead Project partners: Ian Brittain (PI) \u2013 Coventry University (UK), Jason Bocarro, (Lead Project partner, NC State, USA), Erik Lundberg (Lead Project partner, University of Gothenburg, Sweden), Joerg K\u00f6nigstorfer (Lead Project partner, Technische Universit\u00e4t M\u00fcnchen, Germany), David McGillivray (Lead Project partner, University of Western Scotland, Scotland), Laura Misener (Lead Project partner, University of Western Ontario, Canada), Hiroaki Funahashi (Lead Project partner, Waseda University, Japan), Antonios Travlos (Lead Project partner, University of Peloponnese, Greece)\u2013 funded.<\/li>\n\n\n\n<li>Title: Health Matters: Building Resilient Inclusive Communities (BRIC) (2021\/22 \u2013 NC NC Division of Public Health)<br>Amount:&nbsp; $83,000 (Co-PI with Dr. Annie Hardison-Moody (PI), Dr. Aaron Hipp, Dr. Jonathan Casper)<\/li>\n\n\n\n<li>Title: Integrating Health Related Programming into State Parks (2019 \u2013 National Association of State Park Directors\/Blue Cross Blue Shield).<br>Amount: $5,000 (PI with Dr. Courtney Schultz) \u2013 funded.<\/li>\n\n\n\n<li>Title: STEM Education Initiative Proposal \u2013 Wolfpack Success (2020).<br>Amount: $9,600 (Co-PI with Dr. Kim Bush (PI), Dr. Jonathan Casper, Dr. Michael Kanters) \u2013 funded.<\/li>\n\n\n\n<li>Title: Successful aging: Examining senior sport based on physical activity, psychosocial benefits, and injury prevalence (2019-20 \u2013 Non-laboratory Scholarship\/Research Program \u2013 NSRP).<br>Amount: $4,989 (Investigator with Dr. Jonathan Casper (PI), Dr. Thomas Hess) \u2013 funded.<\/li>\n\n\n\n<li>Title: Health Matters: Improving Physical Activity among African-American and Low-Income Residents of Edgecombe County (2020 \u2013 NC Division of Public Health).<br>Amount: $70.000 (Investigator with Dr. Annie Hardison-Moody (PI), Dr. Aaron Hipp) \u2013 funded.<\/li>\n\n\n\n<li>Title: Health Matters: Improving Physical Activity among African-American and Low-Income Residents of Edgecombe County (2019-20 \u2013 NC Division of Public Health).<br>Amount: $79.459 (Co-PI with Dr. Annie Hardison-Moody (PI), Dr. Aaron Hipp) \u2013 funded.<\/li>\n\n\n\n<li>Title: Building Community Capacity to Prevent Obesity: Extension and Engagement in Four North Carolina Counties. (2016-2018 \u2013 Centers for Disease Control)<br>Amount: $1,582,325 (Co-PI with Dr. Annie Hardison-Moody (PI), Dr. Lindsey Haynes-Maslow, Dr. Dara Bloom, Dr. Myron Floyd, Dr. Mike Edwards, Dr. Carolyn Dunn, Dr. Sarah Bowen, Dr. Aaron Hipp, Dr. Michael Schulman) \u2013 funded.<\/li>\n\n\n\n<li>Title: Healthy Sport Index (2017-2018) \u2013 Aspen Institute.<br>Amount: $125,680 (Co-PI with Dr. Michael Kanters (PI), Dr. Mike Edwards, Dr. Kyle Bunds, Dr. Jon Casper) \u2013 funded.<\/li>\n\n\n\n<li>Title: Thinking Outside the Pillbox: Prescribing Parks for Community Health (2016-2018 \u2013 North Carolina Division of Public Health)<br>Amount: $187,761 (PI with Dr. Aaron Hipp (co-PI), Dr. Michael Kanters, Dr. Myron Floyd) \u2013 funded.<\/li>\n\n\n\n<li>Title: CARNiVAL: An examination of the impact of cultural and sporting \u2018mega-events (2014-17 \u2013 European Commission).<br>Amount:&nbsp; \u20ac852,000 (Lead Project partners: Terri Byers (PI) \u2013 Coventry University (UK), Jason Bocarro, Lead Project partner, NC State, USA), Kamilla Swart (Lead Project partner, CPUT, South Africa), Joerg K\u00f6nigstorfer (Lead Project partner, Technische Universit\u00e4t M\u00fcnchen, Germany), Fernando Meloneto (Lead Project partner, Federal University Rio de Janeiro, Brazil) \u2013 funded<\/li>\n\n\n\n<li>Title: National Park Service Relevance, Diversity and Inclusion Inventory (2015-16 \u2013 National Park Service).<br>Amount: $87,000 (Co \u2013 PI with Professor Mickey Fearn, Dr. Myron Floyd) \u2013 funded<\/li>\n\n\n\n<li>Title:&nbsp; Public Park and Trail Support of Public Health Goals (2014-15 \u2013 National Park Service).<br>Amount:&nbsp; $34,000 (Co \u2013 PI with Dr. Mike Edwards, Dr. Roger Moore, Dr. Myron Floyd) \u2013 funded<\/li>\n\n\n\n<li>Title: Community Transformation Project: Evaluation of Joint Use (2013-14) \u2013 CDC Community Transformation Grant\/NC Division of Public Health.<br>Amount: $110,211 (principal investigator with Dr. Michael Kanters (co-PI), Dr. Myron Floyd (Co-PI), Dr. Thom McKenzie \u2013 funded<\/li>\n\n\n\n<li>Title: Collaboration for sustainable health development through socially responsible sport in the United States and South Africa (2014-15) \u2013 NC State International Seed Grant.<br>Amount:&nbsp; $5,000 (Co-PI with Dr. Michael Edwards (PI) \u2013 funded<\/li>\n\n\n\n<li>Title: Community Transformation Project: Evaluation of Joint Use (2012-13) \u2013 CDC Community Transformation Grant\/NC Division of Public Health.<br>Amount: $124,893 (principal investigator with Dr. Michael Kanters (co-PI), Dr. Myron Floyd (Co-PI), Dr. Thom McKenzie \u2013 funded<\/li>\n\n\n\n<li>Title: Developing Game-based Learning for the Parks, Recreation &amp; Tourism Management Online Master\u2019s Program (2012-13). \u2013 DELTA.<br>Amount:&nbsp; $8,000 (investigator with Dr. Michael Kanters, Erin Adair (Co-PI\u2019s) \u2013 funded<\/li>\n\n\n\n<li>Title: USA Hockey Physical Activity and the ADM Evaluation Study Proposal (2012) \u2013 USA Hockey.<br>Amount: $37,960 (investigator with Dr. Michael Kanters (PI), Dr. Matt Mahar, Dr. Thom McKenzie \u2013 funded<\/li>\n\n\n\n<li>Title: Middle School Sport Policies and Facilities Research Translation Grant (2011-2012) \u2013 Robert Wood Johnson Foundation.<br>Amount: $26,824 (principal investigator with Dr. Michael Kanters (co-PI), Dr. Jon Casper, Laura Aiken, Pam Seamons \u2013 funded<\/li>\n\n\n\n<li>Title: School Sport Policy Analysis: Examining Policy Changes to Increase the Impact of After-School Sports and Facilities on Physical Activity (Commissioned Analysis) (2011) \u2013 Robert Wood Johnson Foundation.<br>Amount: $14,877 (principal investigator with Dr. Michael Kanters (co-PI), Dr. Mike Edwards \u2013 funded<\/li>\n\n\n\n<li>Title: NRPA Fees and Charges Survey Project (2010) \u2013 National Recreation and Park Association.<br>Amount: $18,829 (co-principal investigator with Dr. Michael Kanters (co-PI), Dr. Crystos Siderelis, Pete Armem \u2013 funded<\/li>\n\n\n\n<li>Title: Middle School Sport Facilities: Policies, Physical Activity, and Cost Effectiveness (2010-2011) \u2013 Robert Wood Johnson Foundation.<br>Amount: $100,000 (co-principal investigator with Dr. Michael Kanters (co-PI), Dr. Justin Trogdon, Dr. Hugh Devine, Dr. Crystos Siderelis, Dr. Thom MacKenzie, Dr. Jon Casper) \u2013 funded<\/li>\n\n\n\n<li>Title: School Intramural Sports and Physical Activity: A Middle School Policy Intervention (2008-2010) \u2013 Robert Wood Johnson Foundation.<br>Amount: $199,495 (co-principal investigator with Dr. Michael Kanters (co-PI), Dr. Matt Mahar, Dr. Thom MacKenzie, Dr. Jon Casper) \u2013 funded<\/li>\n\n\n\n<li>Title: I-PARK (Investigating Parks for Active Recreation for Kids) (2007-09) \u2013 Robert Wood Johnson Foundation.<br>Amount: $205,112 (investigator with Robin Moore (PI), Nilda Cosco, Dr. William Smith, Dr. Perver Baran, Dr. Myron Floyd) \u2013 funded<\/li>\n\n\n\n<li>Title: Wake to Wellness Fitness Program (2007) \u2013 John Rex Foundation.<br>Amount: $30,000 (investigator and evaluator with Dr. Michael Kanters) \u2013 funded<\/li>\n\n\n\n<li>Title: Promoting Lifelong Physical Activity through Intramural Sport (2006) \u2013 Research and Graduate Studies \u2013 FRPD Individual Program.<br>Amount: $3018 (Principle Investigator) \u2013 funded<\/li>\n\n\n\n<li>Title: Examining the Capacity of Community Parks and Recreation in New Hampshire: Community Recreation and Conservation Leaders\u2019 Project (2004) \u2013 State of New Hampshire Office of Energy and Planning.<br>Amount: $10,995 (Co-investigator, Dr. R. Barcelona) \u2013 funded<\/li>\n\n\n\n<li>Title: The Impact of Teacher Involvement in After-School Programs (2003) \u2013 Vice President for Research and Public Service.<br>Amount: $3026 (Principle Investigator) \u2013 funded<\/li>\n\n\n\n<li>Title: Partnerships between universities and communities in park and recreation administration: Toward a systematic model of collaboration (2002). \u2013 Vice President for Research and Public Service.<br>Amount: $4850 (Principle Investigator) \u2013 funded<\/li>\n\n\n\n<li>Title: Dover Middle School 21st CCLC Evaluation Project. (2002). \u2013 Dover Middle School &amp; the Greater Manchester Family YMCA.<br>Amount: $3600 (Co-investigator, Dr. R. Barcelona) \u2013 funded<\/li>\n\n\n\n<li>Title: Improving the assessment of student learning during internships. (2002). \u2013 UNH Undesignated Gifts Fund Competition.<br>Amount: $5050 (Co-investigators, Dr. S. Hardy, M. Grenier, D. Sedory, Dr. R. Barcelona) \u2013 funded<\/li>\n<\/ul>\n","protected":false},"excerpt":{"rendered":"<p>Funded Contracts &amp; Grants The following is a list of funded Grants and Contracts that have supported some of my research projects:<\/p>\n","protected":false},"author":22,"featured_media":0,"parent":0,"menu_order":0,"comment_status":"closed","ping_status":"closed","template":"","meta":{"_acf_changed":false,"ncst_dynamicHeaderBlockName":"ncst\/default-header","ncst_dynamicHeaderData":"{}","ncst_content_audit_freq":"","ncst_content_audit_date":"","ncst_content_audit_display":false,"ncst_backToTopFlag":"","footnotes":""},"class_list":["post-56","page","type-page","status-publish","hentry"],"acf":[],"_links":{"self":[{"href":"https:\/\/faculty.cnr.ncsu.edu\/jasonbocarro\/wp-json\/wp\/v2\/pages\/56","targetHints":{"allow":["GET"]}}],"collection":[{"href":"https:\/\/faculty.cnr.ncsu.edu\/jasonbocarro\/wp-json\/wp\/v2\/pages"}],"about":[{"href":"https:\/\/faculty.cnr.ncsu.edu\/jasonbocarro\/wp-json\/wp\/v2\/types\/page"}],"author":[{"embeddable":true,"href":"https:\/\/faculty.cnr.ncsu.edu\/jasonbocarro\/wp-json\/wp\/v2\/users\/22"}],"replies":[{"embeddable":true,"href":"https:\/\/faculty.cnr.ncsu.edu\/jasonbocarro\/wp-json\/wp\/v2\/comments?post=56"}],"version-history":[{"count":9,"href":"https:\/\/faculty.cnr.ncsu.edu\/jasonbocarro\/wp-json\/wp\/v2\/pages\/56\/revisions"}],"predecessor-version":[{"id":377,"href":"https:\/\/faculty.cnr.ncsu.edu\/jasonbocarro\/wp-json\/wp\/v2\/pages\/56\/revisions\/377"}],"wp:attachment":[{"href":"https:\/\/faculty.cnr.ncsu.edu\/jasonbocarro\/wp-json\/wp\/v2\/media?parent=56"}],"curies":[{"name":"wp","href":"https:\/\/api.w.org\/{rel}","templated":true}]}}